{"id":25,"date":"2018-04-02T08:05:43","date_gmt":"2018-04-02T08:05:43","guid":{"rendered":"http:\/\/curly.mikado-themes.com\/?page_id=25"},"modified":"2019-08-01T07:19:47","modified_gmt":"2019-08-01T07:19:47","slug":"biografia","status":"publish","type":"page","link":"https:\/\/donatellaferrarimakeupartist.com\/?page_id=25","title":{"rendered":"BIOGRAFIA"},"content":{"rendered":"<section class=\"wpb-content-wrapper\"><p>[vc_row content_placement=&#8221;top&#8221; row_content_width=&#8221;grid&#8221; content_text_aligment=&#8221;left&#8221; css=&#8221;.vc_custom_1524226111130{padding-top: 141px !important;}&#8221;][vc_column offset=&#8221;vc_col-lg-offset-0 vc_col-lg-6 vc_col-md-offset-0 vc_col-md-12 vc_col-sm-offset-0 vc_col-xs-12&#8243;][vc_single_image image=&#8221;3956&#8243; img_size=&#8221;large&#8221;][vc_empty_space height=&#8221;15px&#8221;][\/vc_column][vc_column offset=&#8221;vc_col-lg-offset-0 vc_col-lg-6 vc_col-md-offset-0 vc_col-md-12 vc_col-sm-offset-0 vc_col-xs-12&#8243;]<div class=\"mkdf-section-title-holder  mkdf-dark mkdf-st-standard mkdf-st-title-left mkdf-st-normal-space \" style=\"text-align: left\">\n    <div class=\"mkdf-st-inner\">\n\n                    <var class=\"mkdf-st-background-text\" style=\"font-size:225px;left: -22px;top: -40px\" id=\"mkdf-st-background-text-861\" data-font-size=\"180px\" data-horizontal-offset=\"38px\" data-vertical-offset=\"-37px\">\n            Biografia            <\/var>\n        \n                    <h2 class=\"mkdf-st-title\">\n            DONATELLA FERRARI            <\/h2>\n        \n        \n    <\/div>\n<\/div>[vc_empty_space height=&#8221;30px&#8221;][vc_column_text]Donatella Ferrari ha iniziato la sua carriera alla fine degli anni ottanta e da allora ha collaborato con i principali fotografi del settore, da Giovanni Gastel a Piero Gemelli, da Nacho Alegre a Pablo Arroyo a Michele De Andreis a Tony Kelly. Da allora il suo trucco appare regolarmente nelle pi\u00f9 importanti Riviste di moda:<br \/>\nVogue Italia, L\u2019Officiel, Grazia, Marie Claire, Amica, Vanity Fair, Rolling Stones, MFL, Gioia, Posh, Lampoon, GQ, etc.<br \/>\nDopo essersi trasferita a Milano ha iniziato la sua carriera di truccatrice presso il brand Helena Rubinstein rivestendo il ruolo di National Make-up Artist e ha iniziato a collaborare con i Brand pi\u00f9 famosi nel mondo: Gucci, Versace, Miu Miu, Prada, Louis Vuitton, Jil Sander, Christian Dior, Giorgio Armani, Dsquared2, Maison Margiela, Krizia, dove la stilista Mariuccia Mandelli, in arte Krizia, l\u2019ha voluta come direttore artistico nel backstage delle sue sfilate.<br \/>\nDal 2007 \u00e8 diventata National Make-up Artist per Armani Beauty e ad oggi realizza shooting fotografici per il Brand e collabora nelle sfilate Haute Couture Armani Priv\u00e8, Giorgio Armani, Emporio Armani.[\/vc_column_text][vc_empty_space height=&#8221;140px&#8221;][\/vc_column][\/vc_row][vc_row disable_element=&#8221;yes&#8221; row_content_width=&#8221;grid&#8221; content_text_aligment=&#8221;center&#8221; css=&#8221;.vc_custom_1564496009144{padding-top: 197px !important;padding-bottom: 307px !important;}&#8221; parallax_background_image=&#8221;838&#8243;][vc_column offset=&#8221;vc_col-lg-offset-0 vc_col-lg-6 vc_col-md-offset-0 vc_col-md-8 vc_col-sm-offset-0 vc_col-xs-12&#8243;]<div class=\"mkdf-info-section  mkdf-dark mkdf-center\">\n\n            <var class=\"mkdf-is-background-text\" style=\"font-size:225px\" id=\"mkdf-is-background-text-369\" >\n        Story        <\/var>\n    \n    <div class=\"mkdf-is-inner\" style=\"padding-top:112.5px;width:80%\">\n\n                    <h5 class=\"mkdf-is-subtitle\">\n            Lorem Ipsum            <\/h5>\n        \n                    <h3 class=\"mkdf-is-title\">\n            About Our Story            <\/h3>\n        \n                    <p class=\"mkdf-is-text\">\n            Lorem ipsum dolor sit amet, consectetur adipisicing elit, sed do eiusmod tempor incididunt ut labore et dolore magna aliqua tetur sed do.            <\/p>\n        \n        \n    <\/div>\n<\/div>[\/vc_column][\/vc_row][vc_row content_placement=&#8221;middle&#8221; content_text_aligment=&#8221;center&#8221; css=&#8221;.vc_custom_1564503761635{padding-top: 70px !important;padding-bottom: 70px !important;}&#8221;][vc_column parallax=&#8221;content-moving&#8221; parallax_speed_bg=&#8221;1.2&#8243;]<div class=\"mkdf-info-section  mkdf-dark mkdf-center\">\n\n            <var class=\"mkdf-is-background-text\" style=\"font-size:225px\" id=\"mkdf-is-background-text-229\" >\n        Story        <\/var>\n    \n    <div class=\"mkdf-is-inner\" style=\"padding-top:112.5px;width:42%\">\n\n        \n                    <h2 class=\"mkdf-is-title\">\n            LA STORIA DI DONATELLA            <\/h2>\n        \n                    <p class=\"mkdf-is-text\">\n            \u201cFin da quando ero una bambina rubavo gli ombretti a mia madre. Li ricordo ancora, uno era azzurro e l\u2019altro verde. Ricordo anche la confezione: metallo argentato con il meccanismo a \u00abspinta\u00bb. Con quei colori, per me bellissimi, truccavo le mie bambole. Azzurro e verde\u2026colori che raccontano la mia citt\u00e0 natale: Venezia. Una citt\u00e0 magica che \u00e8 da sempre fonte di ispirazione nella mia vita e nel mio lavoro, con i suoi colori un po\u2019 fan\u00e9, con quella nebbiolina che rende tutto cos\u00ec sospeso, cos\u00ec fiabesco. Venezia romantica e folle, cosmopolita e introversa proprio come l\u2019universo del colore. Il colore e il make-up sono sempre stati dentro di me, siamo cresciuti insieme ed eccoci qua a raccontare con i miei lavori il mio percorso.\u201d            <\/p>\n        \n        \n    <\/div>\n<\/div>[\/vc_column][\/vc_row]<\/p>\n<\/section>","protected":false},"excerpt":{"rendered":"<p>[vc_row content_placement=&#8221;top&#8221; row_content_width=&#8221;grid&#8221; content_text_aligment=&#8221;left&#8221; css=&#8221;.vc_custom_1524226111130{padding-top: 141px !important;}&#8221;][vc_column offset=&#8221;vc_col-lg-offset-0 vc_col-lg-6 vc_col-md-offset-0 vc_col-md-12 vc_col-sm-offset-0 vc_col-xs-12&#8243;][vc_single_image image=&#8221;3956&#8243; img_size=&#8221;large&#8221;][vc_empty_space height=&#8221;15px&#8221;][\/vc_column][vc_column offset=&#8221;vc_col-lg-offset-0 vc_col-lg-6 vc_col-md-offset-0 vc_col-md-12 vc_col-sm-offset-0 vc_col-xs-12&#8243;][vc_empty_space height=&#8221;30px&#8221;][vc_column_text]Donatella Ferrari ha iniziato la sua carriera alla fine degli anni ottanta e da allora ha collaborato con [&hellip;]<\/p>\n","protected":false},"author":1,"featured_media":0,"parent":0,"menu_order":0,"comment_status":"closed","ping_status":"closed","template":"full-width.php","meta":{"footnotes":""},"_links":{"self":[{"href":"https:\/\/donatellaferrarimakeupartist.com\/index.php?rest_route=\/wp\/v2\/pages\/25"}],"collection":[{"href":"https:\/\/donatellaferrarimakeupartist.com\/index.php?rest_route=\/wp\/v2\/pages"}],"about":[{"href":"https:\/\/donatellaferrarimakeupartist.com\/index.php?rest_route=\/wp\/v2\/types\/page"}],"author":[{"embeddable":true,"href":"https:\/\/donatellaferrarimakeupartist.com\/index.php?rest_route=\/wp\/v2\/users\/1"}],"replies":[{"embeddable":true,"href":"https:\/\/donatellaferrarimakeupartist.com\/index.php?rest_route=%2Fwp%2Fv2%2Fcomments&post=25"}],"version-history":[{"count":17,"href":"https:\/\/donatellaferrarimakeupartist.com\/index.php?rest_route=\/wp\/v2\/pages\/25\/revisions"}],"predecessor-version":[{"id":4062,"href":"https:\/\/donatellaferrarimakeupartist.com\/index.php?rest_route=\/wp\/v2\/pages\/25\/revisions\/4062"}],"wp:attachment":[{"href":"https:\/\/donatellaferrarimakeupartist.com\/index.php?rest_route=%2Fwp%2Fv2%2Fmedia&parent=25"}],"curies":[{"name":"wp","href":"https:\/\/api.w.org\/{rel}","templated":true}]}}